{"id":3864,"date":"2024-02-01T01:38:11","date_gmt":"2024-02-01T00:38:11","guid":{"rendered":"http:\/\/localhost\/new-aroma\/?post_type=product&#038;p=3864"},"modified":"2025-02-06T08:44:03","modified_gmt":"2025-02-06T07:44:03","slug":"synergie-zensens-10-ml","status":"publish","type":"product","link":"https:\/\/aromaforest.fr\/en\/product\/synergie-zensens-10-ml\/","title":{"rendered":"SYNERGIE ZEN &amp;SENS"},"content":{"rendered":"","protected":false},"excerpt":{"rendered":"<p>&#8211; 10 ml<br \/>\n100% pure et naturelle &#8211; COMPOSITION CONTROL\u00c9E<\/p>\n<p>ZEN&amp;SENS, une synergie qui vous offre une source de relaxation pour le corps et l&rsquo;esprit, puis\u00e9e au c\u0153ur de Madagascar. Lors de sa diffusion, elle lib\u00e8re des notes fra\u00eeches, impr\u00e9gn\u00e9es de douces touches gourmandes, cr\u00e9ant ainsi une ambiance relaxante et harmonisante. Cette combinaison unique est compos\u00e9e de Saro, d&rsquo;Ylang Ylang et de Cannelle pour vous envelopper d&rsquo;une sensation de bien-\u00eatre profond. Offrez-vous une \u00e9vasion sensorielle apaisante avec ZEN&amp;SENS.<\/p>","protected":false},"featured_media":5553,"comment_status":"closed","ping_status":"closed","template":"","meta":[],"product_brand":[],"product_cat":[55],"product_tag":[],"class_list":{"0":"post-3864","1":"product","2":"type-product","3":"status-publish","4":"has-post-thumbnail","6":"product_cat-diffusion","8":"first","9":"outofstock","10":"taxable","11":"shipping-taxable","12":"purchasable","13":"product-type-simple"},"yoast_head":"<!-- This site is optimized with the Yoast SEO plugin v25.8 - https:\/\/yoast.com\/wordpress\/plugins\/seo\/ -->\n<title>SYNERGIE ZEN &amp;SENS - Aroma Forest<\/title>\n<meta name=\"robots\" content=\"index, follow, max-snippet:-1, max-image-preview:large, max-video-preview:-1\" \/>\n<link rel=\"canonical\" href=\"https:\/\/aromaforest.fr\/en\/product\/synergie-zensens-10-ml\/\" \/>\n<meta property=\"og:locale\" content=\"en_US\" \/>\n<meta property=\"og:type\" content=\"article\" \/>\n<meta property=\"og:title\" content=\"SYNERGIE ZEN &amp;SENS - Aroma Forest\" \/>\n<meta property=\"og:description\" content=\"- 10 ml 100% pure et naturelle - COMPOSITION CONTROL\u00c9E  ZEN&amp;SENS, une synergie qui vous offre une source de relaxation pour le corps et l&#039;esprit, puis\u00e9e au c\u0153ur de Madagascar. Lors de sa diffusion, elle lib\u00e8re des notes fra\u00eeches, impr\u00e9gn\u00e9es de douces touches gourmandes, cr\u00e9ant ainsi une ambiance relaxante et harmonisante. Cette combinaison unique est compos\u00e9e de Saro, d&#039;Ylang Ylang et de Cannelle pour vous envelopper d&#039;une sensation de bien-\u00eatre profond. Offrez-vous une \u00e9vasion sensorielle apaisante avec ZEN&amp;SENS.\" \/>\n<meta property=\"og:url\" content=\"https:\/\/aromaforest.fr\/en\/product\/synergie-zensens-10-ml\/\" \/>\n<meta property=\"og:site_name\" content=\"Aroma Forest\" \/>\n<meta property=\"article:modified_time\" content=\"2025-02-06T07:44:03+00:00\" \/>\n<meta property=\"og:image\" content=\"https:\/\/aromaforest.fr\/wp-content\/uploads\/2024\/02\/aro_zen_sen_1080x1080px_v2.png\" \/>\n\t<meta property=\"og:image:width\" content=\"1080\" \/>\n\t<meta property=\"og:image:height\" content=\"1080\" \/>\n\t<meta property=\"og:image:type\" content=\"image\/png\" \/>\n<meta name=\"twitter:card\" content=\"summary_large_image\" \/>\n<meta name=\"twitter:label1\" content=\"Est. reading time\" \/>\n\t<meta name=\"twitter:data1\" content=\"1 minute\" \/>\n<script type=\"application\/ld+json\" class=\"yoast-schema-graph\">{\"@context\":\"https:\/\/schema.org\",\"@graph\":[{\"@type\":\"WebPage\",\"@id\":\"https:\/\/aromaforest.fr\/produit\/synergie-zensens-10-ml\/\",\"url\":\"https:\/\/aromaforest.fr\/produit\/synergie-zensens-10-ml\/\",\"name\":\"SYNERGIE ZEN &amp;SENS - Aroma Forest\",\"isPartOf\":{\"@id\":\"https:\/\/aromaforest.fr\/en\/#website\"},\"primaryImageOfPage\":{\"@id\":\"https:\/\/aromaforest.fr\/produit\/synergie-zensens-10-ml\/#primaryimage\"},\"image\":{\"@id\":\"https:\/\/aromaforest.fr\/produit\/synergie-zensens-10-ml\/#primaryimage\"},\"thumbnailUrl\":\"https:\/\/aromaforest.fr\/wp-content\/uploads\/2024\/02\/aro_zen_sen_1080x1080px_v2.png\",\"datePublished\":\"2024-02-01T00:38:11+00:00\",\"dateModified\":\"2025-02-06T07:44:03+00:00\",\"breadcrumb\":{\"@id\":\"https:\/\/aromaforest.fr\/produit\/synergie-zensens-10-ml\/#breadcrumb\"},\"inLanguage\":\"en-US\",\"potentialAction\":[{\"@type\":\"ReadAction\",\"target\":[\"https:\/\/aromaforest.fr\/produit\/synergie-zensens-10-ml\/\"]}]},{\"@type\":\"ImageObject\",\"inLanguage\":\"en-US\",\"@id\":\"https:\/\/aromaforest.fr\/produit\/synergie-zensens-10-ml\/#primaryimage\",\"url\":\"https:\/\/aromaforest.fr\/wp-content\/uploads\/2024\/02\/aro_zen_sen_1080x1080px_v2.png\",\"contentUrl\":\"https:\/\/aromaforest.fr\/wp-content\/uploads\/2024\/02\/aro_zen_sen_1080x1080px_v2.png\",\"width\":1080,\"height\":1080},{\"@type\":\"BreadcrumbList\",\"@id\":\"https:\/\/aromaforest.fr\/produit\/synergie-zensens-10-ml\/#breadcrumb\",\"itemListElement\":[{\"@type\":\"ListItem\",\"position\":1,\"name\":\"Accueil\",\"item\":\"https:\/\/aromaforest.fr\/\"},{\"@type\":\"ListItem\",\"position\":2,\"name\":\"Boutique\",\"item\":\"https:\/\/aromaforest.fr\/boutique\/\"},{\"@type\":\"ListItem\",\"position\":3,\"name\":\"SYNERGIE ZEN &amp;SENS\"}]},{\"@type\":\"WebSite\",\"@id\":\"https:\/\/aromaforest.fr\/en\/#website\",\"url\":\"https:\/\/aromaforest.fr\/en\/\",\"name\":\"Aroma Forest\",\"description\":\"\",\"publisher\":{\"@id\":\"https:\/\/aromaforest.fr\/en\/#organization\"},\"potentialAction\":[{\"@type\":\"SearchAction\",\"target\":{\"@type\":\"EntryPoint\",\"urlTemplate\":\"https:\/\/aromaforest.fr\/en\/?s={search_term_string}\"},\"query-input\":{\"@type\":\"PropertyValueSpecification\",\"valueRequired\":true,\"valueName\":\"search_term_string\"}}],\"inLanguage\":\"en-US\"},{\"@type\":\"Organization\",\"@id\":\"https:\/\/aromaforest.fr\/en\/#organization\",\"name\":\"Aroma Forest\",\"url\":\"https:\/\/aromaforest.fr\/en\/\",\"logo\":{\"@type\":\"ImageObject\",\"inLanguage\":\"en-US\",\"@id\":\"https:\/\/aromaforest.fr\/en\/#\/schema\/logo\/image\/\",\"url\":\"https:\/\/aromaforest.fr\/wp-content\/uploads\/2024\/01\/cropped-af_logo_d2-2.webp\",\"contentUrl\":\"https:\/\/aromaforest.fr\/wp-content\/uploads\/2024\/01\/cropped-af_logo_d2-2.webp\",\"width\":1331,\"height\":515,\"caption\":\"Aroma Forest\"},\"image\":{\"@id\":\"https:\/\/aromaforest.fr\/en\/#\/schema\/logo\/image\/\"}}]}<\/script>\n<!-- \/ Yoast SEO plugin. -->","yoast_head_json":{"title":"SYNERGIE ZEN &amp;SENS - Aroma Forest","robots":{"index":"index","follow":"follow","max-snippet":"max-snippet:-1","max-image-preview":"max-image-preview:large","max-video-preview":"max-video-preview:-1"},"canonical":"https:\/\/aromaforest.fr\/en\/product\/synergie-zensens-10-ml\/","og_locale":"en_US","og_type":"article","og_title":"SYNERGIE ZEN &amp;SENS - Aroma Forest","og_description":"- 10 ml 100% pure et naturelle - COMPOSITION CONTROL\u00c9E  ZEN&amp;SENS, une synergie qui vous offre une source de relaxation pour le corps et l'esprit, puis\u00e9e au c\u0153ur de Madagascar. Lors de sa diffusion, elle lib\u00e8re des notes fra\u00eeches, impr\u00e9gn\u00e9es de douces touches gourmandes, cr\u00e9ant ainsi une ambiance relaxante et harmonisante. Cette combinaison unique est compos\u00e9e de Saro, d'Ylang Ylang et de Cannelle pour vous envelopper d'une sensation de bien-\u00eatre profond. Offrez-vous une \u00e9vasion sensorielle apaisante avec ZEN&amp;SENS.","og_url":"https:\/\/aromaforest.fr\/en\/product\/synergie-zensens-10-ml\/","og_site_name":"Aroma Forest","article_modified_time":"2025-02-06T07:44:03+00:00","og_image":[{"width":1080,"height":1080,"url":"https:\/\/aromaforest.fr\/wp-content\/uploads\/2024\/02\/aro_zen_sen_1080x1080px_v2.png","type":"image\/png"}],"twitter_card":"summary_large_image","twitter_misc":{"Est. reading time":"1 minute"},"schema":{"@context":"https:\/\/schema.org","@graph":[{"@type":"WebPage","@id":"https:\/\/aromaforest.fr\/produit\/synergie-zensens-10-ml\/","url":"https:\/\/aromaforest.fr\/produit\/synergie-zensens-10-ml\/","name":"SYNERGIE ZEN &amp;SENS - Aroma Forest","isPartOf":{"@id":"https:\/\/aromaforest.fr\/en\/#website"},"primaryImageOfPage":{"@id":"https:\/\/aromaforest.fr\/produit\/synergie-zensens-10-ml\/#primaryimage"},"image":{"@id":"https:\/\/aromaforest.fr\/produit\/synergie-zensens-10-ml\/#primaryimage"},"thumbnailUrl":"https:\/\/aromaforest.fr\/wp-content\/uploads\/2024\/02\/aro_zen_sen_1080x1080px_v2.png","datePublished":"2024-02-01T00:38:11+00:00","dateModified":"2025-02-06T07:44:03+00:00","breadcrumb":{"@id":"https:\/\/aromaforest.fr\/produit\/synergie-zensens-10-ml\/#breadcrumb"},"inLanguage":"en-US","potentialAction":[{"@type":"ReadAction","target":["https:\/\/aromaforest.fr\/produit\/synergie-zensens-10-ml\/"]}]},{"@type":"ImageObject","inLanguage":"en-US","@id":"https:\/\/aromaforest.fr\/produit\/synergie-zensens-10-ml\/#primaryimage","url":"https:\/\/aromaforest.fr\/wp-content\/uploads\/2024\/02\/aro_zen_sen_1080x1080px_v2.png","contentUrl":"https:\/\/aromaforest.fr\/wp-content\/uploads\/2024\/02\/aro_zen_sen_1080x1080px_v2.png","width":1080,"height":1080},{"@type":"BreadcrumbList","@id":"https:\/\/aromaforest.fr\/produit\/synergie-zensens-10-ml\/#breadcrumb","itemListElement":[{"@type":"ListItem","position":1,"name":"Accueil","item":"https:\/\/aromaforest.fr\/"},{"@type":"ListItem","position":2,"name":"Boutique","item":"https:\/\/aromaforest.fr\/boutique\/"},{"@type":"ListItem","position":3,"name":"SYNERGIE ZEN &amp;SENS"}]},{"@type":"WebSite","@id":"https:\/\/aromaforest.fr\/en\/#website","url":"https:\/\/aromaforest.fr\/en\/","name":"Aroma Forest","description":"","publisher":{"@id":"https:\/\/aromaforest.fr\/en\/#organization"},"potentialAction":[{"@type":"SearchAction","target":{"@type":"EntryPoint","urlTemplate":"https:\/\/aromaforest.fr\/en\/?s={search_term_string}"},"query-input":{"@type":"PropertyValueSpecification","valueRequired":true,"valueName":"search_term_string"}}],"inLanguage":"en-US"},{"@type":"Organization","@id":"https:\/\/aromaforest.fr\/en\/#organization","name":"Aroma Forest","url":"https:\/\/aromaforest.fr\/en\/","logo":{"@type":"ImageObject","inLanguage":"en-US","@id":"https:\/\/aromaforest.fr\/en\/#\/schema\/logo\/image\/","url":"https:\/\/aromaforest.fr\/wp-content\/uploads\/2024\/01\/cropped-af_logo_d2-2.webp","contentUrl":"https:\/\/aromaforest.fr\/wp-content\/uploads\/2024\/01\/cropped-af_logo_d2-2.webp","width":1331,"height":515,"caption":"Aroma Forest"},"image":{"@id":"https:\/\/aromaforest.fr\/en\/#\/schema\/logo\/image\/"}}]}},"_links":{"self":[{"href":"https:\/\/aromaforest.fr\/en\/wp-json\/wp\/v2\/product\/3864","targetHints":{"allow":["GET"]}}],"collection":[{"href":"https:\/\/aromaforest.fr\/en\/wp-json\/wp\/v2\/product"}],"about":[{"href":"https:\/\/aromaforest.fr\/en\/wp-json\/wp\/v2\/types\/product"}],"replies":[{"embeddable":true,"href":"https:\/\/aromaforest.fr\/en\/wp-json\/wp\/v2\/comments?post=3864"}],"wp:featuredmedia":[{"embeddable":true,"href":"https:\/\/aromaforest.fr\/en\/wp-json\/wp\/v2\/media\/5553"}],"wp:attachment":[{"href":"https:\/\/aromaforest.fr\/en\/wp-json\/wp\/v2\/media?parent=3864"}],"wp:term":[{"taxonomy":"product_brand","embeddable":true,"href":"https:\/\/aromaforest.fr\/en\/wp-json\/wp\/v2\/product_brand?post=3864"},{"taxonomy":"product_cat","embeddable":true,"href":"https:\/\/aromaforest.fr\/en\/wp-json\/wp\/v2\/product_cat?post=3864"},{"taxonomy":"product_tag","embeddable":true,"href":"https:\/\/aromaforest.fr\/en\/wp-json\/wp\/v2\/product_tag?post=3864"}],"curies":[{"name":"wp","href":"https:\/\/api.w.org\/{rel}","templated":true}]}}