{"id":3852,"date":"2024-02-01T01:34:13","date_gmt":"2024-02-01T00:34:13","guid":{"rendered":"http:\/\/localhost\/new-aroma\/?post_type=product&#038;p=3852"},"modified":"2026-04-03T03:15:05","modified_gmt":"2026-04-03T01:15:05","slug":"ylang-ylang-complete-10-ml","status":"publish","type":"product","link":"https:\/\/aromaforest.fr\/en\/product\/ylang-ylang-complete-10-ml\/","title":{"rendered":"HUILE ESSENTIELLE YLANG YLANG COMPLETE"},"content":{"rendered":"","protected":false},"excerpt":{"rendered":"<p>&#8211; 10 ml<br \/>\n100% pure et naturelle &#8211; COMPOSITION CONTROL\u00c9E<\/p>\n<p><strong>Lib\u00e9rez-vous des tensions, \u00e9quilibrez votre bien-\u00eatre.\u00a0<\/strong><\/p>\n<p>Originaire des zones tropicales humides d\u2019Inde, d&rsquo;Indon\u00e9sie, de Malaisie et des Philippines, l&rsquo;Ylang ylang est aujourd&rsquo;hui un arbre embl\u00e9matique de la Grande Ile. Il mesure de quinze \u00e0 vingt m\u00e8tres de haut \u00e0 l\u2019\u00e9tat sauvage et vie dans les zones tropicales humides. La taille vise \u00e0 faciliter la cueillette des fleurs, ce qui le r\u00e9duit \u00e0 hauteur humaine. Les premi\u00e8res ann\u00e9es, on estime que sa croissance peut atteindre jusqu\u2019\u00e0 cinq m\u00e8tres par an, c\u2019est un arbre dont la dur\u00e9e de vie moyenne est d\u2019un demi-si\u00e8cle. D\u00e8s la deuxi\u00e8me ann\u00e9e, les premi\u00e8res fleurs apparaissent, elles sont d\u2019abord blanches, avant de virer au vert puis de tendre vers leur couleur jaune. Travail essentiellement f\u00e9minin, la r\u00e9colte de l\u2019Ylang est une \u00e9tape fondamentale \u00e0 la constitution d\u2019une huile essentielle de qualit\u00e9. Les fleurs doivent imp\u00e9rativement \u00eatre cueillis lorsqu\u2019elles ont leur robe jaune, sans quoi elles n\u2019auraient pas leur odeur florale caract\u00e9ristique.<\/p>","protected":false},"featured_media":5552,"comment_status":"open","ping_status":"closed","template":"","meta":[],"product_brand":[],"product_cat":[39],"product_tag":[],"class_list":{"0":"post-3852","1":"product","2":"type-product","3":"status-publish","4":"has-post-thumbnail","6":"product_cat-huile-essentielle-fr","8":"first","9":"outofstock","10":"taxable","11":"shipping-taxable","12":"purchasable","13":"product-type-simple"},"yoast_head":"<!-- This site is optimized with the Yoast SEO plugin v25.8 - https:\/\/yoast.com\/wordpress\/plugins\/seo\/ -->\n<title>HUILE ESSENTIELLE YLANG YLANG COMPLETE - Aroma Forest<\/title>\n<meta name=\"robots\" content=\"index, follow, max-snippet:-1, max-image-preview:large, max-video-preview:-1\" \/>\n<link rel=\"canonical\" href=\"https:\/\/aromaforest.fr\/en\/product\/ylang-ylang-complete-10-ml\/\" \/>\n<meta property=\"og:locale\" content=\"en_US\" \/>\n<meta property=\"og:type\" content=\"article\" \/>\n<meta property=\"og:title\" content=\"HUILE ESSENTIELLE YLANG YLANG COMPLETE - Aroma Forest\" \/>\n<meta property=\"og:description\" content=\"- 10 ml 100% pure et naturelle - COMPOSITION CONTROL\u00c9E  Lib\u00e9rez-vous des tensions, \u00e9quilibrez votre bien-\u00eatre.\u00a0  Originaire des zones tropicales humides d\u2019Inde, d&#039;Indon\u00e9sie, de Malaisie et des Philippines, l&#039;Ylang ylang est aujourd&#039;hui un arbre embl\u00e9matique de la Grande Ile. Il mesure de quinze \u00e0 vingt m\u00e8tres de haut \u00e0 l\u2019\u00e9tat sauvage et vie dans les zones tropicales humides. La taille vise \u00e0 faciliter la cueillette des fleurs, ce qui le r\u00e9duit \u00e0 hauteur humaine. Les premi\u00e8res ann\u00e9es, on estime que sa croissance peut atteindre jusqu\u2019\u00e0 cinq m\u00e8tres par an, c\u2019est un arbre dont la dur\u00e9e de vie moyenne est d\u2019un demi-si\u00e8cle. D\u00e8s la deuxi\u00e8me ann\u00e9e, les premi\u00e8res fleurs apparaissent, elles sont d\u2019abord blanches, avant de virer au vert puis de tendre vers leur couleur jaune. Travail essentiellement f\u00e9minin, la r\u00e9colte de l\u2019Ylang est une \u00e9tape fondamentale \u00e0 la constitution d\u2019une huile essentielle de qualit\u00e9. Les fleurs doivent imp\u00e9rativement \u00eatre cueillis lorsqu\u2019elles ont leur robe jaune, sans quoi elles n\u2019auraient pas leur odeur florale caract\u00e9ristique.\" \/>\n<meta property=\"og:url\" content=\"https:\/\/aromaforest.fr\/en\/product\/ylang-ylang-complete-10-ml\/\" \/>\n<meta property=\"og:site_name\" content=\"Aroma Forest\" \/>\n<meta property=\"article:modified_time\" content=\"2026-04-03T01:15:05+00:00\" \/>\n<meta property=\"og:image\" content=\"https:\/\/aromaforest.fr\/wp-content\/uploads\/2024\/02\/aro_yla_1080x1080px_v2.png\" \/>\n\t<meta property=\"og:image:width\" content=\"1080\" \/>\n\t<meta property=\"og:image:height\" content=\"1080\" \/>\n\t<meta property=\"og:image:type\" content=\"image\/png\" \/>\n<meta name=\"twitter:card\" content=\"summary_large_image\" \/>\n<meta name=\"twitter:label1\" content=\"Est. reading time\" \/>\n\t<meta name=\"twitter:data1\" content=\"1 minute\" \/>\n<script type=\"application\/ld+json\" class=\"yoast-schema-graph\">{\"@context\":\"https:\/\/schema.org\",\"@graph\":[{\"@type\":\"WebPage\",\"@id\":\"https:\/\/aromaforest.fr\/produit\/ylang-ylang-complete-10-ml\/\",\"url\":\"https:\/\/aromaforest.fr\/produit\/ylang-ylang-complete-10-ml\/\",\"name\":\"HUILE ESSENTIELLE YLANG YLANG COMPLETE - Aroma Forest\",\"isPartOf\":{\"@id\":\"https:\/\/aromaforest.fr\/en\/#website\"},\"primaryImageOfPage\":{\"@id\":\"https:\/\/aromaforest.fr\/produit\/ylang-ylang-complete-10-ml\/#primaryimage\"},\"image\":{\"@id\":\"https:\/\/aromaforest.fr\/produit\/ylang-ylang-complete-10-ml\/#primaryimage\"},\"thumbnailUrl\":\"https:\/\/aromaforest.fr\/wp-content\/uploads\/2024\/02\/aro_yla_1080x1080px_v2.png\",\"datePublished\":\"2024-02-01T00:34:13+00:00\",\"dateModified\":\"2026-04-03T01:15:05+00:00\",\"breadcrumb\":{\"@id\":\"https:\/\/aromaforest.fr\/produit\/ylang-ylang-complete-10-ml\/#breadcrumb\"},\"inLanguage\":\"en-US\",\"potentialAction\":[{\"@type\":\"ReadAction\",\"target\":[\"https:\/\/aromaforest.fr\/produit\/ylang-ylang-complete-10-ml\/\"]}]},{\"@type\":\"ImageObject\",\"inLanguage\":\"en-US\",\"@id\":\"https:\/\/aromaforest.fr\/produit\/ylang-ylang-complete-10-ml\/#primaryimage\",\"url\":\"https:\/\/aromaforest.fr\/wp-content\/uploads\/2024\/02\/aro_yla_1080x1080px_v2.png\",\"contentUrl\":\"https:\/\/aromaforest.fr\/wp-content\/uploads\/2024\/02\/aro_yla_1080x1080px_v2.png\",\"width\":1080,\"height\":1080},{\"@type\":\"BreadcrumbList\",\"@id\":\"https:\/\/aromaforest.fr\/produit\/ylang-ylang-complete-10-ml\/#breadcrumb\",\"itemListElement\":[{\"@type\":\"ListItem\",\"position\":1,\"name\":\"Accueil\",\"item\":\"https:\/\/aromaforest.fr\/\"},{\"@type\":\"ListItem\",\"position\":2,\"name\":\"Boutique\",\"item\":\"https:\/\/aromaforest.fr\/boutique\/\"},{\"@type\":\"ListItem\",\"position\":3,\"name\":\"HUILE ESSENTIELLE YLANG YLANG COMPLETE\"}]},{\"@type\":\"WebSite\",\"@id\":\"https:\/\/aromaforest.fr\/en\/#website\",\"url\":\"https:\/\/aromaforest.fr\/en\/\",\"name\":\"Aroma Forest\",\"description\":\"\",\"publisher\":{\"@id\":\"https:\/\/aromaforest.fr\/en\/#organization\"},\"potentialAction\":[{\"@type\":\"SearchAction\",\"target\":{\"@type\":\"EntryPoint\",\"urlTemplate\":\"https:\/\/aromaforest.fr\/en\/?s={search_term_string}\"},\"query-input\":{\"@type\":\"PropertyValueSpecification\",\"valueRequired\":true,\"valueName\":\"search_term_string\"}}],\"inLanguage\":\"en-US\"},{\"@type\":\"Organization\",\"@id\":\"https:\/\/aromaforest.fr\/en\/#organization\",\"name\":\"Aroma Forest\",\"url\":\"https:\/\/aromaforest.fr\/en\/\",\"logo\":{\"@type\":\"ImageObject\",\"inLanguage\":\"en-US\",\"@id\":\"https:\/\/aromaforest.fr\/en\/#\/schema\/logo\/image\/\",\"url\":\"https:\/\/aromaforest.fr\/wp-content\/uploads\/2024\/01\/cropped-af_logo_d2-2.webp\",\"contentUrl\":\"https:\/\/aromaforest.fr\/wp-content\/uploads\/2024\/01\/cropped-af_logo_d2-2.webp\",\"width\":1331,\"height\":515,\"caption\":\"Aroma Forest\"},\"image\":{\"@id\":\"https:\/\/aromaforest.fr\/en\/#\/schema\/logo\/image\/\"}}]}<\/script>\n<!-- \/ Yoast SEO plugin. -->","yoast_head_json":{"title":"HUILE ESSENTIELLE YLANG YLANG COMPLETE - Aroma Forest","robots":{"index":"index","follow":"follow","max-snippet":"max-snippet:-1","max-image-preview":"max-image-preview:large","max-video-preview":"max-video-preview:-1"},"canonical":"https:\/\/aromaforest.fr\/en\/product\/ylang-ylang-complete-10-ml\/","og_locale":"en_US","og_type":"article","og_title":"HUILE ESSENTIELLE YLANG YLANG COMPLETE - Aroma Forest","og_description":"- 10 ml 100% pure et naturelle - COMPOSITION CONTROL\u00c9E  Lib\u00e9rez-vous des tensions, \u00e9quilibrez votre bien-\u00eatre.\u00a0  Originaire des zones tropicales humides d\u2019Inde, d'Indon\u00e9sie, de Malaisie et des Philippines, l'Ylang ylang est aujourd'hui un arbre embl\u00e9matique de la Grande Ile. Il mesure de quinze \u00e0 vingt m\u00e8tres de haut \u00e0 l\u2019\u00e9tat sauvage et vie dans les zones tropicales humides. La taille vise \u00e0 faciliter la cueillette des fleurs, ce qui le r\u00e9duit \u00e0 hauteur humaine. Les premi\u00e8res ann\u00e9es, on estime que sa croissance peut atteindre jusqu\u2019\u00e0 cinq m\u00e8tres par an, c\u2019est un arbre dont la dur\u00e9e de vie moyenne est d\u2019un demi-si\u00e8cle. D\u00e8s la deuxi\u00e8me ann\u00e9e, les premi\u00e8res fleurs apparaissent, elles sont d\u2019abord blanches, avant de virer au vert puis de tendre vers leur couleur jaune. Travail essentiellement f\u00e9minin, la r\u00e9colte de l\u2019Ylang est une \u00e9tape fondamentale \u00e0 la constitution d\u2019une huile essentielle de qualit\u00e9. Les fleurs doivent imp\u00e9rativement \u00eatre cueillis lorsqu\u2019elles ont leur robe jaune, sans quoi elles n\u2019auraient pas leur odeur florale caract\u00e9ristique.","og_url":"https:\/\/aromaforest.fr\/en\/product\/ylang-ylang-complete-10-ml\/","og_site_name":"Aroma Forest","article_modified_time":"2026-04-03T01:15:05+00:00","og_image":[{"width":1080,"height":1080,"url":"https:\/\/aromaforest.fr\/wp-content\/uploads\/2024\/02\/aro_yla_1080x1080px_v2.png","type":"image\/png"}],"twitter_card":"summary_large_image","twitter_misc":{"Est. reading time":"1 minute"},"schema":{"@context":"https:\/\/schema.org","@graph":[{"@type":"WebPage","@id":"https:\/\/aromaforest.fr\/produit\/ylang-ylang-complete-10-ml\/","url":"https:\/\/aromaforest.fr\/produit\/ylang-ylang-complete-10-ml\/","name":"HUILE ESSENTIELLE YLANG YLANG COMPLETE - Aroma Forest","isPartOf":{"@id":"https:\/\/aromaforest.fr\/en\/#website"},"primaryImageOfPage":{"@id":"https:\/\/aromaforest.fr\/produit\/ylang-ylang-complete-10-ml\/#primaryimage"},"image":{"@id":"https:\/\/aromaforest.fr\/produit\/ylang-ylang-complete-10-ml\/#primaryimage"},"thumbnailUrl":"https:\/\/aromaforest.fr\/wp-content\/uploads\/2024\/02\/aro_yla_1080x1080px_v2.png","datePublished":"2024-02-01T00:34:13+00:00","dateModified":"2026-04-03T01:15:05+00:00","breadcrumb":{"@id":"https:\/\/aromaforest.fr\/produit\/ylang-ylang-complete-10-ml\/#breadcrumb"},"inLanguage":"en-US","potentialAction":[{"@type":"ReadAction","target":["https:\/\/aromaforest.fr\/produit\/ylang-ylang-complete-10-ml\/"]}]},{"@type":"ImageObject","inLanguage":"en-US","@id":"https:\/\/aromaforest.fr\/produit\/ylang-ylang-complete-10-ml\/#primaryimage","url":"https:\/\/aromaforest.fr\/wp-content\/uploads\/2024\/02\/aro_yla_1080x1080px_v2.png","contentUrl":"https:\/\/aromaforest.fr\/wp-content\/uploads\/2024\/02\/aro_yla_1080x1080px_v2.png","width":1080,"height":1080},{"@type":"BreadcrumbList","@id":"https:\/\/aromaforest.fr\/produit\/ylang-ylang-complete-10-ml\/#breadcrumb","itemListElement":[{"@type":"ListItem","position":1,"name":"Accueil","item":"https:\/\/aromaforest.fr\/"},{"@type":"ListItem","position":2,"name":"Boutique","item":"https:\/\/aromaforest.fr\/boutique\/"},{"@type":"ListItem","position":3,"name":"HUILE ESSENTIELLE YLANG YLANG COMPLETE"}]},{"@type":"WebSite","@id":"https:\/\/aromaforest.fr\/en\/#website","url":"https:\/\/aromaforest.fr\/en\/","name":"Aroma Forest","description":"","publisher":{"@id":"https:\/\/aromaforest.fr\/en\/#organization"},"potentialAction":[{"@type":"SearchAction","target":{"@type":"EntryPoint","urlTemplate":"https:\/\/aromaforest.fr\/en\/?s={search_term_string}"},"query-input":{"@type":"PropertyValueSpecification","valueRequired":true,"valueName":"search_term_string"}}],"inLanguage":"en-US"},{"@type":"Organization","@id":"https:\/\/aromaforest.fr\/en\/#organization","name":"Aroma Forest","url":"https:\/\/aromaforest.fr\/en\/","logo":{"@type":"ImageObject","inLanguage":"en-US","@id":"https:\/\/aromaforest.fr\/en\/#\/schema\/logo\/image\/","url":"https:\/\/aromaforest.fr\/wp-content\/uploads\/2024\/01\/cropped-af_logo_d2-2.webp","contentUrl":"https:\/\/aromaforest.fr\/wp-content\/uploads\/2024\/01\/cropped-af_logo_d2-2.webp","width":1331,"height":515,"caption":"Aroma Forest"},"image":{"@id":"https:\/\/aromaforest.fr\/en\/#\/schema\/logo\/image\/"}}]}},"_links":{"self":[{"href":"https:\/\/aromaforest.fr\/en\/wp-json\/wp\/v2\/product\/3852","targetHints":{"allow":["GET"]}}],"collection":[{"href":"https:\/\/aromaforest.fr\/en\/wp-json\/wp\/v2\/product"}],"about":[{"href":"https:\/\/aromaforest.fr\/en\/wp-json\/wp\/v2\/types\/product"}],"replies":[{"embeddable":true,"href":"https:\/\/aromaforest.fr\/en\/wp-json\/wp\/v2\/comments?post=3852"}],"wp:featuredmedia":[{"embeddable":true,"href":"https:\/\/aromaforest.fr\/en\/wp-json\/wp\/v2\/media\/5552"}],"wp:attachment":[{"href":"https:\/\/aromaforest.fr\/en\/wp-json\/wp\/v2\/media?parent=3852"}],"wp:term":[{"taxonomy":"product_brand","embeddable":true,"href":"https:\/\/aromaforest.fr\/en\/wp-json\/wp\/v2\/product_brand?post=3852"},{"taxonomy":"product_cat","embeddable":true,"href":"https:\/\/aromaforest.fr\/en\/wp-json\/wp\/v2\/product_cat?post=3852"},{"taxonomy":"product_tag","embeddable":true,"href":"https:\/\/aromaforest.fr\/en\/wp-json\/wp\/v2\/product_tag?post=3852"}],"curies":[{"name":"wp","href":"https:\/\/api.w.org\/{rel}","templated":true}]}}