{"id":3849,"date":"2024-02-01T01:33:25","date_gmt":"2024-02-01T00:33:25","guid":{"rendered":"http:\/\/localhost\/new-aroma\/?post_type=product&#038;p=3849"},"modified":"2026-04-01T19:13:50","modified_gmt":"2026-04-01T17:13:50","slug":"saro-tsara-10-ml","status":"publish","type":"product","link":"https:\/\/aromaforest.fr\/en\/product\/saro-tsara-10-ml\/","title":{"rendered":"HUILE ESSENTIELLE SARO TSARA\u00ae &#8211; Offre z\u00e9ro gaspi -30%"},"content":{"rendered":"","protected":false},"excerpt":{"rendered":"<p>&#8211; 10 ml<br \/>\n100% pure et naturelle &#8211; COMPOSITION CONTROL\u00c9E<br \/>\n<strong style=\"color: #c0746b\">DLUO : 06\/2025<\/strong><br \/>\n<strong>Boostez la force de votre \u00e9quilibre naturel, adoptez votre bouclier quotidien.\u00a0<\/strong><\/p>\n<p>Le Saro a \u00e9t\u00e9 lanc\u00e9 par Olivier Behra qui en 2000 cherchait \u00e0 promouvoir une nouvelle huile essentielle qui serait extraordinaire et pourrait servir l\u2019implication des communaut\u00e9s locales dans la conservation de la biodiversit\u00e9. Olivier Behra a travaill\u00e9 pendant de nombreuses ann\u00e9es avec divers instituts de recherche pour trouver les meilleurs vari\u00e9t\u00e9s, d\u00e9montrer les propri\u00e9t\u00e9s de l\u2019huile essentielle mais aussi l\u2019innocuit\u00e9 des productions sp\u00e9cifiques ma\u00eetris\u00e9es par Aroma Forest.<\/p>","protected":false},"featured_media":5531,"comment_status":"open","ping_status":"closed","template":"","meta":[],"product_brand":[],"product_cat":[39,357],"product_tag":[],"class_list":{"0":"post-3849","1":"product","2":"type-product","3":"status-publish","4":"has-post-thumbnail","6":"product_cat-huile-essentielle-fr","7":"product_cat-offre-zero-gaspi","9":"first","10":"instock","11":"sale","12":"taxable","13":"shipping-taxable","14":"purchasable","15":"product-type-simple"},"yoast_head":"<!-- This site is optimized with the Yoast SEO plugin v25.8 - https:\/\/yoast.com\/wordpress\/plugins\/seo\/ -->\n<title>HUILE ESSENTIELLE SARO TSARA\u00ae - Offre z\u00e9ro gaspi -30% - Aroma Forest<\/title>\n<meta name=\"robots\" content=\"index, follow, max-snippet:-1, max-image-preview:large, max-video-preview:-1\" \/>\n<link rel=\"canonical\" href=\"https:\/\/aromaforest.fr\/en\/product\/saro-tsara-10-ml\/\" \/>\n<meta property=\"og:locale\" content=\"en_US\" \/>\n<meta property=\"og:type\" content=\"article\" \/>\n<meta property=\"og:title\" content=\"HUILE ESSENTIELLE SARO TSARA\u00ae - Offre z\u00e9ro gaspi -30% - Aroma Forest\" \/>\n<meta property=\"og:description\" content=\"- 10 ml 100% pure et naturelle - COMPOSITION CONTROL\u00c9E DLUO : 06\/2025 Boostez la force de votre \u00e9quilibre naturel, adoptez votre bouclier quotidien.\u00a0  Le Saro a \u00e9t\u00e9 lanc\u00e9 par Olivier Behra qui en 2000 cherchait \u00e0 promouvoir une nouvelle huile essentielle qui serait extraordinaire et pourrait servir l\u2019implication des communaut\u00e9s locales dans la conservation de la biodiversit\u00e9. Olivier Behra a travaill\u00e9 pendant de nombreuses ann\u00e9es avec divers instituts de recherche pour trouver les meilleurs vari\u00e9t\u00e9s, d\u00e9montrer les propri\u00e9t\u00e9s de l\u2019huile essentielle mais aussi l\u2019innocuit\u00e9 des productions sp\u00e9cifiques ma\u00eetris\u00e9es par Aroma Forest.\" \/>\n<meta property=\"og:url\" content=\"https:\/\/aromaforest.fr\/en\/product\/saro-tsara-10-ml\/\" \/>\n<meta property=\"og:site_name\" content=\"Aroma Forest\" \/>\n<meta property=\"article:modified_time\" content=\"2026-04-01T17:13:50+00:00\" \/>\n<meta property=\"og:image\" content=\"https:\/\/aromaforest.fr\/wp-content\/uploads\/2024\/02\/aro_saro-min.webp\" \/>\n\t<meta property=\"og:image:width\" content=\"1080\" \/>\n\t<meta property=\"og:image:height\" content=\"1080\" \/>\n\t<meta property=\"og:image:type\" content=\"image\/webp\" \/>\n<meta name=\"twitter:card\" content=\"summary_large_image\" \/>\n<meta name=\"twitter:label1\" content=\"Est. reading time\" \/>\n\t<meta name=\"twitter:data1\" content=\"1 minute\" \/>\n<script type=\"application\/ld+json\" class=\"yoast-schema-graph\">{\"@context\":\"https:\/\/schema.org\",\"@graph\":[{\"@type\":\"WebPage\",\"@id\":\"https:\/\/aromaforest.fr\/produit\/saro-tsara-10-ml\/\",\"url\":\"https:\/\/aromaforest.fr\/produit\/saro-tsara-10-ml\/\",\"name\":\"HUILE ESSENTIELLE SARO TSARA\u00ae - Offre z\u00e9ro gaspi -30% - Aroma Forest\",\"isPartOf\":{\"@id\":\"https:\/\/aromaforest.fr\/en\/#website\"},\"primaryImageOfPage\":{\"@id\":\"https:\/\/aromaforest.fr\/produit\/saro-tsara-10-ml\/#primaryimage\"},\"image\":{\"@id\":\"https:\/\/aromaforest.fr\/produit\/saro-tsara-10-ml\/#primaryimage\"},\"thumbnailUrl\":\"https:\/\/aromaforest.fr\/wp-content\/uploads\/2024\/02\/aro_saro-min.webp\",\"datePublished\":\"2024-02-01T00:33:25+00:00\",\"dateModified\":\"2026-04-01T17:13:50+00:00\",\"breadcrumb\":{\"@id\":\"https:\/\/aromaforest.fr\/produit\/saro-tsara-10-ml\/#breadcrumb\"},\"inLanguage\":\"en-US\",\"potentialAction\":[{\"@type\":\"ReadAction\",\"target\":[\"https:\/\/aromaforest.fr\/produit\/saro-tsara-10-ml\/\"]}]},{\"@type\":\"ImageObject\",\"inLanguage\":\"en-US\",\"@id\":\"https:\/\/aromaforest.fr\/produit\/saro-tsara-10-ml\/#primaryimage\",\"url\":\"https:\/\/aromaforest.fr\/wp-content\/uploads\/2024\/02\/aro_saro-min.webp\",\"contentUrl\":\"https:\/\/aromaforest.fr\/wp-content\/uploads\/2024\/02\/aro_saro-min.webp\",\"width\":1080,\"height\":1080},{\"@type\":\"BreadcrumbList\",\"@id\":\"https:\/\/aromaforest.fr\/produit\/saro-tsara-10-ml\/#breadcrumb\",\"itemListElement\":[{\"@type\":\"ListItem\",\"position\":1,\"name\":\"Accueil\",\"item\":\"https:\/\/aromaforest.fr\/\"},{\"@type\":\"ListItem\",\"position\":2,\"name\":\"Boutique\",\"item\":\"https:\/\/aromaforest.fr\/boutique\/\"},{\"@type\":\"ListItem\",\"position\":3,\"name\":\"HUILE ESSENTIELLE SARO TSARA\u00ae &#8211; Offre z\u00e9ro gaspi -30%\"}]},{\"@type\":\"WebSite\",\"@id\":\"https:\/\/aromaforest.fr\/en\/#website\",\"url\":\"https:\/\/aromaforest.fr\/en\/\",\"name\":\"Aroma Forest\",\"description\":\"\",\"publisher\":{\"@id\":\"https:\/\/aromaforest.fr\/en\/#organization\"},\"potentialAction\":[{\"@type\":\"SearchAction\",\"target\":{\"@type\":\"EntryPoint\",\"urlTemplate\":\"https:\/\/aromaforest.fr\/en\/?s={search_term_string}\"},\"query-input\":{\"@type\":\"PropertyValueSpecification\",\"valueRequired\":true,\"valueName\":\"search_term_string\"}}],\"inLanguage\":\"en-US\"},{\"@type\":\"Organization\",\"@id\":\"https:\/\/aromaforest.fr\/en\/#organization\",\"name\":\"Aroma Forest\",\"url\":\"https:\/\/aromaforest.fr\/en\/\",\"logo\":{\"@type\":\"ImageObject\",\"inLanguage\":\"en-US\",\"@id\":\"https:\/\/aromaforest.fr\/en\/#\/schema\/logo\/image\/\",\"url\":\"https:\/\/aromaforest.fr\/wp-content\/uploads\/2024\/01\/cropped-af_logo_d2-2.webp\",\"contentUrl\":\"https:\/\/aromaforest.fr\/wp-content\/uploads\/2024\/01\/cropped-af_logo_d2-2.webp\",\"width\":1331,\"height\":515,\"caption\":\"Aroma Forest\"},\"image\":{\"@id\":\"https:\/\/aromaforest.fr\/en\/#\/schema\/logo\/image\/\"}}]}<\/script>\n<!-- \/ Yoast SEO plugin. -->","yoast_head_json":{"title":"HUILE ESSENTIELLE SARO TSARA\u00ae - Offre z\u00e9ro gaspi -30% - Aroma Forest","robots":{"index":"index","follow":"follow","max-snippet":"max-snippet:-1","max-image-preview":"max-image-preview:large","max-video-preview":"max-video-preview:-1"},"canonical":"https:\/\/aromaforest.fr\/en\/product\/saro-tsara-10-ml\/","og_locale":"en_US","og_type":"article","og_title":"HUILE ESSENTIELLE SARO TSARA\u00ae - Offre z\u00e9ro gaspi -30% - Aroma Forest","og_description":"- 10 ml 100% pure et naturelle - COMPOSITION CONTROL\u00c9E DLUO : 06\/2025 Boostez la force de votre \u00e9quilibre naturel, adoptez votre bouclier quotidien.\u00a0  Le Saro a \u00e9t\u00e9 lanc\u00e9 par Olivier Behra qui en 2000 cherchait \u00e0 promouvoir une nouvelle huile essentielle qui serait extraordinaire et pourrait servir l\u2019implication des communaut\u00e9s locales dans la conservation de la biodiversit\u00e9. Olivier Behra a travaill\u00e9 pendant de nombreuses ann\u00e9es avec divers instituts de recherche pour trouver les meilleurs vari\u00e9t\u00e9s, d\u00e9montrer les propri\u00e9t\u00e9s de l\u2019huile essentielle mais aussi l\u2019innocuit\u00e9 des productions sp\u00e9cifiques ma\u00eetris\u00e9es par Aroma Forest.","og_url":"https:\/\/aromaforest.fr\/en\/product\/saro-tsara-10-ml\/","og_site_name":"Aroma Forest","article_modified_time":"2026-04-01T17:13:50+00:00","og_image":[{"width":1080,"height":1080,"url":"https:\/\/aromaforest.fr\/wp-content\/uploads\/2024\/02\/aro_saro-min.webp","type":"image\/webp"}],"twitter_card":"summary_large_image","twitter_misc":{"Est. reading time":"1 minute"},"schema":{"@context":"https:\/\/schema.org","@graph":[{"@type":"WebPage","@id":"https:\/\/aromaforest.fr\/produit\/saro-tsara-10-ml\/","url":"https:\/\/aromaforest.fr\/produit\/saro-tsara-10-ml\/","name":"HUILE ESSENTIELLE SARO TSARA\u00ae - Offre z\u00e9ro gaspi -30% - Aroma Forest","isPartOf":{"@id":"https:\/\/aromaforest.fr\/en\/#website"},"primaryImageOfPage":{"@id":"https:\/\/aromaforest.fr\/produit\/saro-tsara-10-ml\/#primaryimage"},"image":{"@id":"https:\/\/aromaforest.fr\/produit\/saro-tsara-10-ml\/#primaryimage"},"thumbnailUrl":"https:\/\/aromaforest.fr\/wp-content\/uploads\/2024\/02\/aro_saro-min.webp","datePublished":"2024-02-01T00:33:25+00:00","dateModified":"2026-04-01T17:13:50+00:00","breadcrumb":{"@id":"https:\/\/aromaforest.fr\/produit\/saro-tsara-10-ml\/#breadcrumb"},"inLanguage":"en-US","potentialAction":[{"@type":"ReadAction","target":["https:\/\/aromaforest.fr\/produit\/saro-tsara-10-ml\/"]}]},{"@type":"ImageObject","inLanguage":"en-US","@id":"https:\/\/aromaforest.fr\/produit\/saro-tsara-10-ml\/#primaryimage","url":"https:\/\/aromaforest.fr\/wp-content\/uploads\/2024\/02\/aro_saro-min.webp","contentUrl":"https:\/\/aromaforest.fr\/wp-content\/uploads\/2024\/02\/aro_saro-min.webp","width":1080,"height":1080},{"@type":"BreadcrumbList","@id":"https:\/\/aromaforest.fr\/produit\/saro-tsara-10-ml\/#breadcrumb","itemListElement":[{"@type":"ListItem","position":1,"name":"Accueil","item":"https:\/\/aromaforest.fr\/"},{"@type":"ListItem","position":2,"name":"Boutique","item":"https:\/\/aromaforest.fr\/boutique\/"},{"@type":"ListItem","position":3,"name":"HUILE ESSENTIELLE SARO TSARA\u00ae &#8211; Offre z\u00e9ro gaspi -30%"}]},{"@type":"WebSite","@id":"https:\/\/aromaforest.fr\/en\/#website","url":"https:\/\/aromaforest.fr\/en\/","name":"Aroma Forest","description":"","publisher":{"@id":"https:\/\/aromaforest.fr\/en\/#organization"},"potentialAction":[{"@type":"SearchAction","target":{"@type":"EntryPoint","urlTemplate":"https:\/\/aromaforest.fr\/en\/?s={search_term_string}"},"query-input":{"@type":"PropertyValueSpecification","valueRequired":true,"valueName":"search_term_string"}}],"inLanguage":"en-US"},{"@type":"Organization","@id":"https:\/\/aromaforest.fr\/en\/#organization","name":"Aroma Forest","url":"https:\/\/aromaforest.fr\/en\/","logo":{"@type":"ImageObject","inLanguage":"en-US","@id":"https:\/\/aromaforest.fr\/en\/#\/schema\/logo\/image\/","url":"https:\/\/aromaforest.fr\/wp-content\/uploads\/2024\/01\/cropped-af_logo_d2-2.webp","contentUrl":"https:\/\/aromaforest.fr\/wp-content\/uploads\/2024\/01\/cropped-af_logo_d2-2.webp","width":1331,"height":515,"caption":"Aroma Forest"},"image":{"@id":"https:\/\/aromaforest.fr\/en\/#\/schema\/logo\/image\/"}}]}},"_links":{"self":[{"href":"https:\/\/aromaforest.fr\/en\/wp-json\/wp\/v2\/product\/3849","targetHints":{"allow":["GET"]}}],"collection":[{"href":"https:\/\/aromaforest.fr\/en\/wp-json\/wp\/v2\/product"}],"about":[{"href":"https:\/\/aromaforest.fr\/en\/wp-json\/wp\/v2\/types\/product"}],"replies":[{"embeddable":true,"href":"https:\/\/aromaforest.fr\/en\/wp-json\/wp\/v2\/comments?post=3849"}],"wp:featuredmedia":[{"embeddable":true,"href":"https:\/\/aromaforest.fr\/en\/wp-json\/wp\/v2\/media\/5531"}],"wp:attachment":[{"href":"https:\/\/aromaforest.fr\/en\/wp-json\/wp\/v2\/media?parent=3849"}],"wp:term":[{"taxonomy":"product_brand","embeddable":true,"href":"https:\/\/aromaforest.fr\/en\/wp-json\/wp\/v2\/product_brand?post=3849"},{"taxonomy":"product_cat","embeddable":true,"href":"https:\/\/aromaforest.fr\/en\/wp-json\/wp\/v2\/product_cat?post=3849"},{"taxonomy":"product_tag","embeddable":true,"href":"https:\/\/aromaforest.fr\/en\/wp-json\/wp\/v2\/product_tag?post=3849"}],"curies":[{"name":"wp","href":"https:\/\/api.w.org\/{rel}","templated":true}]}}