{"id":6000,"date":"2024-03-11T18:12:21","date_gmt":"2024-03-11T17:12:21","guid":{"rendered":"https:\/\/test.aromaforest.fr\/?page_id=6000"},"modified":"2024-09-19T16:16:44","modified_gmt":"2024-09-19T14:16:44","slug":"mentions-legales","status":"publish","type":"page","link":"https:\/\/aromaforest.fr\/en\/mentions-legales\/","title":{"rendered":"Mentions l\u00e9gales"},"content":{"rendered":"<h1 class=\"wp-block-heading\">Articles 1 &#8211; \u00c9diteur<\/h1>\n\n\n\n<p>L\u2019\u00e9dition du site www.aromaforest.fr est assur\u00e9e par la soci\u00e9t\u00e9 AROMA FOREST, au capital de 1 000 euros, dont le si\u00e8ge social se situe au 9 rue Montbrun, 75014 Paris.<\/p>\n\n\n\n<ul class=\"wp-block-list\">\n<li>D\u00e9nomination :&nbsp;<strong>AROMA FOREST<\/strong><\/li>\n\n\n\n<li>Forme juridique :&nbsp;<strong>Soci\u00e9t\u00e9 par actions simplifi\u00e9es<\/strong><\/li>\n\n\n\n<li>Capital :&nbsp;<strong>1 000 euros<\/strong><\/li>\n\n\n\n<li>Adresse :&nbsp;<strong>9 rue Montbrun, 75014 Paris<\/strong><\/li>\n\n\n\n<li>Date de cr\u00e9ation :&nbsp;<strong>02\/08\/2021<\/strong><\/li>\n\n\n\n<li>Num\u00e9ro de t\u00e9l\u00e9phone :&nbsp;<strong>+33607697338<\/strong><\/li>\n\n\n\n<li>Repr\u00e9sentant l\u00e9gal :&nbsp;<strong>Olivier BEHRA<\/strong><\/li>\n\n\n\n<li>SIREN :&nbsp;<strong>902 175 173<\/strong><\/li>\n\n\n\n<li>SIRET :&nbsp;<strong>902 175 173 000 19<\/strong><\/li>\n\n\n\n<li>TVA Intracommunautaire :&nbsp;<strong>FR06902175173<\/strong><\/li>\n\n\n\n<li>RCS :&nbsp;<strong>Paris B 902 175 173<\/strong><\/li>\n<\/ul>\n\n\n\n<h1 class=\"wp-block-heading\">Articles 2 \u2013 Donn\u00e9es Personnelles<\/h1>\n\n\n\n<p>En accord avec le R\u00e8glement G\u00e9n\u00e9ral de la Protection des Donn\u00e9es (RGPD), la l\u00e9gislation concernant la limitation ou \u00e0 la suppression du traitement de vos donn\u00e9es va vous permettre de faire une pause, voire une suppression, dans l\u2019utilisation de vos donn\u00e9es. Ce droit s\u2019applique dans les cas de figure suivants :<br>&#8211; Si vos donn\u00e9es ne sont pas fiables<br>&#8211; Si le traitement se fait de mani\u00e8re non tacite au r\u00e8glement mais que vous souhaitez toutefois que nous ne les effacions pas<br>&#8211; Si les donn\u00e9es renseign\u00e9es ne sont plus fiables mais que vous souhaitez que nous puissions les conserver pour les produire en justice<br>&#8211; Si vous souhaitez vous opposer au traitement de vos donn\u00e9es<br>Toute personne physique pouvant se justifier de son identit\u00e9 peut soumettre de droit la suppression de ses donn\u00e9es personnelles. Dans un cadre de suppression de vos donn\u00e9es, votre compte client n\u2019existera plus, vous n\u2019aurez plus acc\u00e8s ni ne pourrez b\u00e9n\u00e9ficier des avantages \u00e9ventuellement acquis, et vous n\u2019aurez plus acc\u00e8s \u00e0 l\u2019historique de vos op\u00e9rations. Le droit \u00e0 la portabilit\u00e9 des informations vous offre la possibilit\u00e9 de r\u00e9cup\u00e9rer les donn\u00e9es fournies.<\/p>\n\n\n\n<h1 class=\"wp-block-heading\">Article 3 \u2013 Conditions D\u2019utilisation<\/h1>\n\n\n\n<p>Aroma Forest met en \u0153uvre les moyens \u00e0 sa disposition pour assurer une information fiable et \u00e0 jour de son site Internet, bien que des erreurs ou des omissions peuvent survenir. AROMA FOREST ne se porte en aucun cas responsable de tout pr\u00e9judice li\u00e9 \u00e0 l\u2019utilisation de ces dites informations et\/ou de tout pr\u00e9judice direct ou indirect pouvant en d\u00e9couler.<\/p>\n\n\n\n<h1 class=\"wp-block-heading\">Article 4 \u2013 Utilisation Des Cookies<\/h1>\n\n\n\n<p>Le site\u00a0<a href=\"https:\/\/aromaforest.fr\/en\/\" target=\"_blank\" rel=\"noreferrer noopener\">www.aromaforest.fr<\/a>\u00a0peut \u00eatre amen\u00e9 \u00e0 demander l\u2019acceptation de cookies, pour des besoins statistiques et d\u2019affichage. Il s\u2019agit d\u2019une information d\u00e9pos\u00e9e sur votre disque dur lors de la visite du site\u00a0<a href=\"https:\/\/aromaforest.fr\/en\/\" target=\"_blank\" rel=\"noreferrer noopener\">www.aromaforest.fr<\/a>\u00a0. Toutefois, vous aurez la possibilit\u00e9 de vous opposer \u00e0 l\u2019enregistrement des cookies en configurant votre navigateur internet. \u00c0 noter que certaines parties du site ne peuvent \u00eatre fonctionnelles sans l\u2019acceptation de cookies.<\/p>","protected":false},"excerpt":{"rendered":"<p>Articles 1 &#8211; \u00c9diteur L\u2019\u00e9dition du site www.aromaforest.fr est assur\u00e9e par la soci\u00e9t\u00e9 AROMA FOREST, au capital de 1 000 euros, dont le si\u00e8ge social se situe au 9 rue Montbrun, 75014 Paris. Articles 2 \u2013 Donn\u00e9es Personnelles En accord avec le R\u00e8glement G\u00e9n\u00e9ral de la Protection des Donn\u00e9es (RGPD), la l\u00e9gislation concernant la limitation [&hellip;]<\/p>","protected":false},"author":27,"featured_media":0,"parent":0,"menu_order":0,"comment_status":"closed","ping_status":"closed","template":"","meta":{"footnotes":""},"class_list":["post-6000","page","type-page","status-publish","hentry"],"yoast_head":"<!-- This site is optimized with the Yoast SEO plugin v25.8 - https:\/\/yoast.com\/wordpress\/plugins\/seo\/ -->\n<title>Mentions l\u00e9gales - Aroma Forest<\/title>\n<meta name=\"robots\" content=\"index, follow, max-snippet:-1, max-image-preview:large, max-video-preview:-1\" \/>\n<link rel=\"canonical\" href=\"https:\/\/aromaforest.fr\/en\/mentions-legales\/\" \/>\n<meta property=\"og:locale\" content=\"en_US\" \/>\n<meta property=\"og:type\" content=\"article\" \/>\n<meta property=\"og:title\" content=\"Mentions l\u00e9gales - Aroma Forest\" \/>\n<meta property=\"og:description\" content=\"Articles 1 &#8211; \u00c9diteur L\u2019\u00e9dition du site www.aromaforest.fr est assur\u00e9e par la soci\u00e9t\u00e9 AROMA FOREST, au capital de 1 000 euros, dont le si\u00e8ge social se situe au 9 rue Montbrun, 75014 Paris. Articles 2 \u2013 Donn\u00e9es Personnelles En accord avec le R\u00e8glement G\u00e9n\u00e9ral de la Protection des Donn\u00e9es (RGPD), la l\u00e9gislation concernant la limitation [&hellip;]\" \/>\n<meta property=\"og:url\" content=\"https:\/\/aromaforest.fr\/en\/mentions-legales\/\" \/>\n<meta property=\"og:site_name\" content=\"Aroma Forest\" \/>\n<meta property=\"article:modified_time\" content=\"2024-09-19T14:16:44+00:00\" \/>\n<meta name=\"twitter:card\" content=\"summary_large_image\" \/>\n<meta name=\"twitter:label1\" content=\"Est. reading time\" \/>\n\t<meta name=\"twitter:data1\" content=\"3 minutes\" \/>\n<script type=\"application\/ld+json\" class=\"yoast-schema-graph\">{\"@context\":\"https:\/\/schema.org\",\"@graph\":[{\"@type\":\"WebPage\",\"@id\":\"https:\/\/aromaforest.fr\/mentions-legales\/\",\"url\":\"https:\/\/aromaforest.fr\/mentions-legales\/\",\"name\":\"Mentions l\u00e9gales - Aroma Forest\",\"isPartOf\":{\"@id\":\"https:\/\/aromaforest.fr\/en\/#website\"},\"datePublished\":\"2024-03-11T17:12:21+00:00\",\"dateModified\":\"2024-09-19T14:16:44+00:00\",\"breadcrumb\":{\"@id\":\"https:\/\/aromaforest.fr\/mentions-legales\/#breadcrumb\"},\"inLanguage\":\"en-US\",\"potentialAction\":[{\"@type\":\"ReadAction\",\"target\":[\"https:\/\/aromaforest.fr\/mentions-legales\/\"]}]},{\"@type\":\"BreadcrumbList\",\"@id\":\"https:\/\/aromaforest.fr\/mentions-legales\/#breadcrumb\",\"itemListElement\":[{\"@type\":\"ListItem\",\"position\":1,\"name\":\"Accueil\",\"item\":\"https:\/\/aromaforest.fr\/\"},{\"@type\":\"ListItem\",\"position\":2,\"name\":\"Mentions l\u00e9gales\"}]},{\"@type\":\"WebSite\",\"@id\":\"https:\/\/aromaforest.fr\/en\/#website\",\"url\":\"https:\/\/aromaforest.fr\/en\/\",\"name\":\"Aroma Forest\",\"description\":\"\",\"publisher\":{\"@id\":\"https:\/\/aromaforest.fr\/en\/#organization\"},\"potentialAction\":[{\"@type\":\"SearchAction\",\"target\":{\"@type\":\"EntryPoint\",\"urlTemplate\":\"https:\/\/aromaforest.fr\/en\/?s={search_term_string}\"},\"query-input\":{\"@type\":\"PropertyValueSpecification\",\"valueRequired\":true,\"valueName\":\"search_term_string\"}}],\"inLanguage\":\"en-US\"},{\"@type\":\"Organization\",\"@id\":\"https:\/\/aromaforest.fr\/en\/#organization\",\"name\":\"Aroma Forest\",\"url\":\"https:\/\/aromaforest.fr\/en\/\",\"logo\":{\"@type\":\"ImageObject\",\"inLanguage\":\"en-US\",\"@id\":\"https:\/\/aromaforest.fr\/en\/#\/schema\/logo\/image\/\",\"url\":\"https:\/\/aromaforest.fr\/wp-content\/uploads\/2024\/01\/cropped-af_logo_d2-2.webp\",\"contentUrl\":\"https:\/\/aromaforest.fr\/wp-content\/uploads\/2024\/01\/cropped-af_logo_d2-2.webp\",\"width\":1331,\"height\":515,\"caption\":\"Aroma Forest\"},\"image\":{\"@id\":\"https:\/\/aromaforest.fr\/en\/#\/schema\/logo\/image\/\"}}]}<\/script>\n<!-- \/ Yoast SEO plugin. -->","yoast_head_json":{"title":"Mentions l\u00e9gales - Aroma Forest","robots":{"index":"index","follow":"follow","max-snippet":"max-snippet:-1","max-image-preview":"max-image-preview:large","max-video-preview":"max-video-preview:-1"},"canonical":"https:\/\/aromaforest.fr\/en\/mentions-legales\/","og_locale":"en_US","og_type":"article","og_title":"Mentions l\u00e9gales - Aroma Forest","og_description":"Articles 1 &#8211; \u00c9diteur L\u2019\u00e9dition du site www.aromaforest.fr est assur\u00e9e par la soci\u00e9t\u00e9 AROMA FOREST, au capital de 1 000 euros, dont le si\u00e8ge social se situe au 9 rue Montbrun, 75014 Paris. Articles 2 \u2013 Donn\u00e9es Personnelles En accord avec le R\u00e8glement G\u00e9n\u00e9ral de la Protection des Donn\u00e9es (RGPD), la l\u00e9gislation concernant la limitation [&hellip;]","og_url":"https:\/\/aromaforest.fr\/en\/mentions-legales\/","og_site_name":"Aroma Forest","article_modified_time":"2024-09-19T14:16:44+00:00","twitter_card":"summary_large_image","twitter_misc":{"Est. reading time":"3 minutes"},"schema":{"@context":"https:\/\/schema.org","@graph":[{"@type":"WebPage","@id":"https:\/\/aromaforest.fr\/mentions-legales\/","url":"https:\/\/aromaforest.fr\/mentions-legales\/","name":"Mentions l\u00e9gales - Aroma Forest","isPartOf":{"@id":"https:\/\/aromaforest.fr\/en\/#website"},"datePublished":"2024-03-11T17:12:21+00:00","dateModified":"2024-09-19T14:16:44+00:00","breadcrumb":{"@id":"https:\/\/aromaforest.fr\/mentions-legales\/#breadcrumb"},"inLanguage":"en-US","potentialAction":[{"@type":"ReadAction","target":["https:\/\/aromaforest.fr\/mentions-legales\/"]}]},{"@type":"BreadcrumbList","@id":"https:\/\/aromaforest.fr\/mentions-legales\/#breadcrumb","itemListElement":[{"@type":"ListItem","position":1,"name":"Accueil","item":"https:\/\/aromaforest.fr\/"},{"@type":"ListItem","position":2,"name":"Mentions l\u00e9gales"}]},{"@type":"WebSite","@id":"https:\/\/aromaforest.fr\/en\/#website","url":"https:\/\/aromaforest.fr\/en\/","name":"Aroma Forest","description":"","publisher":{"@id":"https:\/\/aromaforest.fr\/en\/#organization"},"potentialAction":[{"@type":"SearchAction","target":{"@type":"EntryPoint","urlTemplate":"https:\/\/aromaforest.fr\/en\/?s={search_term_string}"},"query-input":{"@type":"PropertyValueSpecification","valueRequired":true,"valueName":"search_term_string"}}],"inLanguage":"en-US"},{"@type":"Organization","@id":"https:\/\/aromaforest.fr\/en\/#organization","name":"Aroma Forest","url":"https:\/\/aromaforest.fr\/en\/","logo":{"@type":"ImageObject","inLanguage":"en-US","@id":"https:\/\/aromaforest.fr\/en\/#\/schema\/logo\/image\/","url":"https:\/\/aromaforest.fr\/wp-content\/uploads\/2024\/01\/cropped-af_logo_d2-2.webp","contentUrl":"https:\/\/aromaforest.fr\/wp-content\/uploads\/2024\/01\/cropped-af_logo_d2-2.webp","width":1331,"height":515,"caption":"Aroma Forest"},"image":{"@id":"https:\/\/aromaforest.fr\/en\/#\/schema\/logo\/image\/"}}]}},"_links":{"self":[{"href":"https:\/\/aromaforest.fr\/en\/wp-json\/wp\/v2\/pages\/6000","targetHints":{"allow":["GET"]}}],"collection":[{"href":"https:\/\/aromaforest.fr\/en\/wp-json\/wp\/v2\/pages"}],"about":[{"href":"https:\/\/aromaforest.fr\/en\/wp-json\/wp\/v2\/types\/page"}],"author":[{"embeddable":true,"href":"https:\/\/aromaforest.fr\/en\/wp-json\/wp\/v2\/users\/27"}],"replies":[{"embeddable":true,"href":"https:\/\/aromaforest.fr\/en\/wp-json\/wp\/v2\/comments?post=6000"}],"version-history":[{"count":3,"href":"https:\/\/aromaforest.fr\/en\/wp-json\/wp\/v2\/pages\/6000\/revisions"}],"predecessor-version":[{"id":7110,"href":"https:\/\/aromaforest.fr\/en\/wp-json\/wp\/v2\/pages\/6000\/revisions\/7110"}],"wp:attachment":[{"href":"https:\/\/aromaforest.fr\/en\/wp-json\/wp\/v2\/media?parent=6000"}],"curies":[{"name":"wp","href":"https:\/\/api.w.org\/{rel}","templated":true}]}}