{"id":3,"date":"2024-01-31T17:31:55","date_gmt":"2024-01-31T16:31:55","guid":{"rendered":"https:\/\/test.aromaforest.fr\/?page_id=3"},"modified":"2024-08-07T14:39:43","modified_gmt":"2024-08-07T12:39:43","slug":"politique-de-confidentialite","status":"publish","type":"page","link":"https:\/\/aromaforest.fr\/en\/politique-de-confidentialite\/","title":{"rendered":"Politique de confidentialit\u00e9"},"content":{"rendered":"<div data-elementor-type=\"wp-page\" data-elementor-id=\"3\" class=\"elementor elementor-3\">\n\t\t\t\t<div class=\"elementor-element elementor-element-405a802 e-flex e-con-boxed e-con e-parent\" data-id=\"405a802\" data-element_type=\"container\">\n\t\t\t\t\t<div class=\"e-con-inner\">\n\t\t\t\t<div class=\"elementor-element elementor-element-42dfde1 elementor-widget elementor-widget-text-editor\" data-id=\"42dfde1\" data-element_type=\"widget\" data-widget_type=\"text-editor.default\">\n\t\t\t\t<div class=\"elementor-widget-container\">\n\t\t\t\t\t\t\t\t\t<p><strong>INTRODUCTION <\/strong><\/p>\n<p>Devant le d\u00e9veloppement des nouveaux outils de communication, il est n\u00e9cessaire de porter une attention particuli\u00e8re \u00e0 la protection de la vie priv\u00e9e. C\u2019est pourquoi, AROMA FOREST s\u2019engage \u00e0 respecter la confidentialit\u00e9 des renseignements personnels qui sont collect\u00e9s.<\/p>\n<p>\u00a0<\/p>\n<p><strong>QUI SOMMES-NOUS ?<\/strong><\/p>\n<p>L\u2019adresse de notre site web est : https:\/\/www.aromaforest.fr<\/p>\n<p>Nos mentions l\u00e9gales sont accessibles ici :<\/p>\n<p>\u00a0<\/p>\n<p><strong>COLLECTE DES RENSEIGNEMENTS PERSONNELS<\/strong><\/p>\n<p>Nous collectons les renseignements suivants :<\/p>\n<ul>\n<li>Nom<\/li>\n<li>Pr\u00e9nom<\/li>\n<li>Adresse postale<\/li>\n<li>Code postal<\/li>\n<li>Adresse \u00e9lectronique<\/li>\n<li>Num\u00e9ro de t\u00e9l\u00e9phone \/ t\u00e9l\u00e9copieur<\/li>\n<li>Informations sur vos commandes (produits, abonnements, etc.)<\/li>\n<\/ul>\n<p>\u00a0<\/p>\n<p>Les renseignements personnels que nous collectons sont recueillis au travers de formulaires et gr\u00e2ce \u00e0 l\u2019interactivit\u00e9 \u00e9tablie entre vous et notre site web. Nous utilisons \u00e9galement, comme indiqu\u00e9 dans la section suivante, des fichiers t\u00e9moins et\/ou journaux pour r\u00e9unir des informations vous concernant.<\/p>\n<p>\u00a0<\/p>\n<p>Concernant le num\u00e9ro de carte de cr\u00e9dit : Nous ne stockons \u00e0 aucun moment le num\u00e9ro de carte de cr\u00e9dit du client sur notre site internet mais seulement un token crypt\u00e9. Notre partenaire g\u00e9rant le paiement Stripe (https:\/\/stripe.com\/fr) ne nous met pas \u00e0 disposition les num\u00e9ros de cartes de cr\u00e9dits de nos clients dans les archives d\u2019achats.<\/p>\n<p>\u00a0<\/p>\n<p><strong>COMMENTAIRES<\/strong><\/p>\n<p>Quand vous laissez un commentaire sur notre site web, les donn\u00e9es inscrites dans le formulaire de commentaire, mais aussi votre adresse IP et l\u2019agent utilisateur de votre navigateur sont collect\u00e9s pour nous aider \u00e0 la d\u00e9tection des commentaires ind\u00e9sirables.<\/p>\n<p>\u00a0<\/p>\n<p>Une cha\u00eene anonymis\u00e9e cr\u00e9\u00e9e \u00e0 partir de votre adresse de messagerie (\u00e9galement appel\u00e9e hash) peut \u00eatre envoy\u00e9e au service Gravatar pour v\u00e9rifier si vous utilisez ce dernier. Les clauses de confidentialit\u00e9 du service Gravatar sont disponibles ici : https:\/\/automattic.com\/privacy\/. Apr\u00e8s validation de votre commentaire, votre photo de profil sera visible publiquement \u00e0 cot\u00e9 de votre commentaire.<\/p>\n<p>\u00a0<\/p>\n<p><strong>MEDIAS<\/strong><\/p>\n<p>Si vous \u00eates un utilisateur ou une utilisatrice enregistr\u00e9(e) et que vous t\u00e9l\u00e9versez des images sur le site web, nous vous conseillons d\u2019\u00e9viter de t\u00e9l\u00e9verser des images contenant des donn\u00e9es EXIF de coordonn\u00e9es GPS.<\/p>\n<p>\u00a0<\/p>\n<p><strong>COOKIES<\/strong><\/p>\n<p><u>Voir notre page d\u00e9di\u00e9e \u00e0 notre politique de gestion des cookies (EU)<\/u><\/p>\n<p><u>\u00a0<\/u><\/p>\n<p>Si vous d\u00e9posez un commentaire sur notre site, il vous sera propos\u00e9 d\u2019enregistrer votre nom, adresse de messagerie et site web dans des cookies. C\u2019est uniquement pour votre confort afin de ne pas avoir \u00e0 saisir ces informations si vous d\u00e9posez un autre commentaire plus tard. Ces cookies expirent au bout d\u2019un an.<\/p>\n<p>\u00a0<\/p>\n<p>Si vous avez un compte et que vous vous connectez sur ce site, un cookie temporaire sera cr\u00e9\u00e9 afin de d\u00e9terminer si votre navigateur accepte les cookies. Il ne contient pas de donn\u00e9es personnelles et sera supprim\u00e9 automatiquement \u00e0 la fermeture de votre navigateur.<\/p>\n<p>\u00a0<\/p>\n<p>Lorsque vous vous connecterez, nous mettrons en place un certain nombre de cookies pour enregistrer vos informations de connexion et vos pr\u00e9f\u00e9rences d\u2019\u00e9cran. La dur\u00e9e de vie d\u2019un cookie de connexion est de deux jours, celle d\u2019un cookie d\u2019option d\u2019\u00e9cran est d\u2019un an. Si vous cochez \u00ab Se souvenir de moi \u00bb, votre cookie de connexion sera conserv\u00e9 pendant deux semaines. Si vous vous d\u00e9connectez de votre compte, le cookie de connexion sera effac\u00e9.<\/p>\n<p>\u00a0<\/p>\n<p>En modifiant ou en publiant un article, un cookie suppl\u00e9mentaire sera enregistr\u00e9 dans votre navigateur. Ce cookie ne comprend aucune donn\u00e9e personnelle. Il indique simplement l\u2019identifiant de l\u2019article que vous venez de modifier. Il expire au bout d\u2019un jour.<\/p>\n<p>\u00a0<\/p>\n<p><strong>CONTENU EMBARQUE DEPUIS D\u2019AUTRES SITES<\/strong><\/p>\n<p>Les articles de ce site peuvent inclure des contenus int\u00e9gr\u00e9s (par exemple des vid\u00e9os, images, articles&#8230;). Le contenu int\u00e9gr\u00e9 depuis d\u2019autres sites se comporte de la m\u00eame mani\u00e8re que si le visiteur se rendait sur cet autre site.<\/p>\n<p>\u00a0<\/p>\n<p>Ces sites web pourraient collecter des donn\u00e9es sur vous, utiliser des cookies, embarquer des outils de suivis tiers, suivre vos interactions avec ces contenus embarqu\u00e9s si vous disposez d\u2019un compte connect\u00e9 sur leur site web.<\/p>\n<p>\u00a0<\/p>\n<p><strong>STATISTIQUES ET MESURES D\u2019AUDIENCE<\/strong><\/p>\n<p>Pour mesurer l\u2019audience et la fr\u00e9quentation de notre site, nous utilisons diff\u00e9rents outils tels que Google Analytics ou CloudFlare.<\/p>\n<p>\u00a0<\/p>\n<p><strong>FORMULAIRES ET INTERACTIVITE<\/strong><\/p>\n<p>Vos renseignements personnels sont collect\u00e9s par le biais de formulaires, \u00e0 savoir :<\/p>\n<ul>\n<li>Formulaire d\u2019inscription au site web (cr\u00e9ation d\u2019un compte client)<\/li>\n<li>Formulaire de commande<\/li>\n<li>Formulaire de commentaire sur nos produits<\/li>\n<\/ul>\n<p>\u00a0<\/p>\n<p>Nous utilisons les renseignements ainsi collect\u00e9s pour les finalit\u00e9s suivantes :<\/p>\n<ul>\n<li>Suivi de la commande<\/li>\n<li>Informations \/ Offres promotionnelles<\/li>\n<li>Statistiques<\/li>\n<li>Contact<\/li>\n<li>Gestion du site web (pr\u00e9sentation, organisation)<\/li>\n<\/ul>\n<p>\u00a0<\/p>\n<p>Vos renseignements sont \u00e9galement collect\u00e9s par le biais de l\u2019interactivit\u00e9 pouvant s\u2019\u00e9tablir entre vous et notre site Web et ce, de la fa\u00e7on suivante:<\/p>\n<ul>\n<li>Statistiques<\/li>\n<li>Contact<\/li>\n<li>Gestion du site web (pr\u00e9sentation, organisation)<\/li>\n<\/ul>\n<p>\u00a0<\/p>\n<p>Nous utilisons les renseignements ainsi collect\u00e9s pour les finalit\u00e9s suivantes :<\/p>\n<ul>\n<li>Commentaires<\/li>\n<li>Correspondance<\/li>\n<li>Informations ou pour des offres promotionnelles<\/li>\n<\/ul>\n<p>\u00a0<\/p>\n<p><strong>UTILISATION ET TRANSMISSION DE VOS DONNEES PERSONNELLES<\/strong><\/p>\n<p>\u00a0<\/p>\n<p>Nous transmettons une partie de vos donn\u00e9es (voir partie \u00ab collecte des informations personnelles \u00bb) \u00e0 l\u2019organisme de paiement s\u00e9curis\u00e9 en ligne lors de votre achat : Stripe (https:\/\/www.stripe.com\/fr) ainsi qu\u2019\u00e0 l\u2019organisme d\u2019envoi de colis: La poste (https:\/\/www.laposte.fr\/colissimo). Enfin nous transmettons votre nom et adresse email \u00e0 l\u2019organisme qui g\u00e8re l\u2019envoi de nos newsletters afin de vous envoyer des emails \u00e0 caract\u00e8res informatifs et\/ou commerciale personnalis\u00e9s \u00e0 votre nom.<\/p>\n<p>\u00a0<\/p>\n<p><strong>FICHIERS JOURNAUX ET TEMOINS<\/strong><\/p>\n<p><strong>\u00a0<\/strong><\/p>\n<p>Nous recueillons certaines informations par le biais de fichiers journaux (log file) et de fichiers t\u00e9moins (cookies). Il s\u2019agit principalement des informations suivantes :<\/p>\n<ul>\n<li>Adresse IP<\/li>\n<li>Syst\u00e8me d\u2019exploitation<\/li>\n<li>Pages visit\u00e9es et requ\u00eates<\/li>\n<li>Heure et jour de connexion<\/li>\n<\/ul>\n<p>\u00a0<\/p>\n<p>Le recours \u00e0 de tels fichiers nous permet :<\/p>\n<ul>\n<li>Suivi de commande<\/li>\n<li>Statistique<\/li>\n<\/ul>\n<p>\u00a0<\/p>\n<p><strong>DUREE DE STOCKAGE DE VOS DONNEES<\/strong><\/p>\n<p>Si vous laissez un commentaire, le commentaire et ses m\u00e9tadonn\u00e9es sont conserv\u00e9s ind\u00e9finiment. Cela permet de reconna\u00eetre et approuver automatiquement les commentaires suivants au lieu de les laisser dans la file de mod\u00e9ration.<\/p>\n<p>\u00a0<\/p>\n<p>Pour les utilisateurs et utilisatrices qui s\u2019enregistrent sur notre site (si cela est possible), nous stockons \u00e9galement les donn\u00e9es personnelles indiqu\u00e9es dans leur profil. Tous les utilisateurs et utilisatrices peuvent voir, modifier ou supprimer leurs informations personnelles \u00e0 tout moment (\u00e0 l\u2019exception de leur nom d\u2019utilisateur\u00b7ice). Les gestionnaires du site peuvent aussi voir et modifier ces informations.<\/p>\n<p>\u00a0<\/p>\n<p><strong>DROIT D\u2019OPPOSITION ET DE RETRAIT<\/strong><\/p>\n<p>Nous nous engageons \u00e0 vous offrir un droit d\u2019opposition et de retrait quant \u00e0 vos renseignements personnels. Le droit d\u2019opposition s\u2019entend comme \u00e9tant la possibilit\u00e9 offerte aux internautes de refuser que leurs renseignements personnels soient utilis\u00e9es \u00e0 certaines fins mentionn\u00e9es lors de la collecte.<\/p>\n<p>\u00a0<\/p>\n<p>Le droit de retrait s\u2019entend comme \u00e9tant la possibilit\u00e9 offerte aux internautes de demander \u00e0 ce que leurs renseignements personnels ne figurent plus, par exemple, dans une liste de diffusion.<\/p>\n<p>\u00a0<\/p>\n<p>Pour pouvoir exercer ces droits, vous pouvez nous \u00e9crire par voie postale :<\/p>\n<p>AROMA FOREST<\/p>\n<p>9 rue Montbrun<\/p>\n<p>75014 Paris<\/p>\n<p>Ou via notre formulaire de contact : https:\/\/aromaforest.fr\/contact\/<\/p>\n<p>\u00a0<\/p>\n<p><strong>DROIT D\u2019ACCES<\/strong><\/p>\n<p>Nous nous engageons \u00e0 reconna\u00eetre un droit d\u2019acc\u00e8s et de rectification aux personnes concern\u00e9es d\u00e9sireuses de consulter, modifier, voire radier les informations les concernant. L\u2019exercice de ce droit se fait par voie postale :<\/p>\n<p>AROMA FOREST<\/p>\n<p>9 rue Montbrun<\/p>\n<p>75014 Paris<\/p>\n<p>Ou via notre formulaire de contact : https:\/\/aromaforest.fr\/contact\/<\/p>\n<p>\u00a0<\/p>\n<p><strong>SECURITE<\/strong><\/p>\n<p>Les renseignements personnels que nous collectons sont conserv\u00e9s dans un environnement s\u00e9curis\u00e9. Les personnes travaillant pour nous sont tenues de respecter la confidentialit\u00e9 de vos informations.<\/p>\n<p>\u00a0<\/p>\n<p>Pour assurer la s\u00e9curit\u00e9 de vos renseignements personnels, nous avons recours aux mesures suivantes :<\/p>\n<ul>\n<li>Protocole SSL (Secure Sockets Layer)<\/li>\n<li>Gestion des acc\u00e8s \u2013 personne autoris\u00e9e<\/li>\n<li>Gestion des acc\u00e8s \u2013 personne concern\u00e9e<\/li>\n<li>Logiciel de surveillance du r\u00e9seau<\/li>\n<li>Sauvegarde informatique<\/li>\n<li>D\u00e9veloppement de certificat num\u00e9rique<\/li>\n<li>Identifiant \/ mot de passe<\/li>\n<li>Pare-feu (Firewalls)<\/li>\n<\/ul>\n<p>\u00a0<\/p>\n<p>Nous nous engageons \u00e0 maintenir un haut degr\u00e9 de confidentialit\u00e9 en int\u00e9grant les derni\u00e8res innovations technologiques permettant d\u2019assurer la confidentialit\u00e9 de vos transactions. Toutefois, comme aucun m\u00e9canisme n\u2019offre une s\u00e9curit\u00e9 maximale, une part de risque est toujours pr\u00e9sente lorsque l\u2019on utilise Internet pour transmettre des renseignements personnels.<\/p>\n<p>\u00a0<\/p>\n<p><strong>LEGISLATION<\/strong><\/p>\n<p>Nous nous engageons \u00e0 respecter les dispositions l\u00e9gislatives Fran\u00e7aise et Europ\u00e9enne.<\/p>\t\t\t\t\t\t\t\t<\/div>\n\t\t\t\t<\/div>\n\t\t\t\t\t<\/div>\n\t\t\t\t<\/div>\n\t\t\t\t<\/div>","protected":false},"excerpt":{"rendered":"<p>INTRODUCTION Devant le d\u00e9veloppement des nouveaux outils de communication, il est n\u00e9cessaire de porter une attention particuli\u00e8re \u00e0 la protection de la vie priv\u00e9e. C\u2019est pourquoi, AROMA FOREST s\u2019engage \u00e0 respecter la confidentialit\u00e9 des renseignements personnels qui sont collect\u00e9s. \u00a0 QUI SOMMES-NOUS ? L\u2019adresse de notre site web est : https:\/\/www.aromaforest.fr Nos mentions l\u00e9gales sont [&hellip;]<\/p>","protected":false},"author":27,"featured_media":0,"parent":0,"menu_order":0,"comment_status":"closed","ping_status":"open","template":"","meta":{"footnotes":""},"class_list":["post-3","page","type-page","status-publish","hentry"],"yoast_head":"<!-- This site is optimized with the Yoast SEO plugin v25.8 - https:\/\/yoast.com\/wordpress\/plugins\/seo\/ -->\n<title>Politique de confidentialit\u00e9 - Aroma Forest<\/title>\n<meta name=\"robots\" content=\"index, follow, max-snippet:-1, max-image-preview:large, max-video-preview:-1\" \/>\n<link rel=\"canonical\" href=\"https:\/\/aromaforest.fr\/en\/politique-de-confidentialite\/\" \/>\n<meta property=\"og:locale\" content=\"en_US\" \/>\n<meta property=\"og:type\" content=\"article\" \/>\n<meta property=\"og:title\" content=\"Politique de confidentialit\u00e9 - Aroma Forest\" \/>\n<meta property=\"og:description\" content=\"INTRODUCTION Devant le d\u00e9veloppement des nouveaux outils de communication, il est n\u00e9cessaire de porter une attention particuli\u00e8re \u00e0 la protection de la vie priv\u00e9e. C\u2019est pourquoi, AROMA FOREST s\u2019engage \u00e0 respecter la confidentialit\u00e9 des renseignements personnels qui sont collect\u00e9s. \u00a0 QUI SOMMES-NOUS ? L\u2019adresse de notre site web est : https:\/\/www.aromaforest.fr Nos mentions l\u00e9gales sont [&hellip;]\" \/>\n<meta property=\"og:url\" content=\"https:\/\/aromaforest.fr\/en\/politique-de-confidentialite\/\" \/>\n<meta property=\"og:site_name\" content=\"Aroma Forest\" \/>\n<meta property=\"article:modified_time\" content=\"2024-08-07T12:39:43+00:00\" \/>\n<meta name=\"twitter:card\" content=\"summary_large_image\" \/>\n<meta name=\"twitter:label1\" content=\"Est. reading time\" \/>\n\t<meta name=\"twitter:data1\" content=\"7 minutes\" \/>\n<script type=\"application\/ld+json\" class=\"yoast-schema-graph\">{\"@context\":\"https:\/\/schema.org\",\"@graph\":[{\"@type\":\"WebPage\",\"@id\":\"https:\/\/aromaforest.fr\/politique-de-confidentialite\/\",\"url\":\"https:\/\/aromaforest.fr\/politique-de-confidentialite\/\",\"name\":\"Politique de confidentialit\u00e9 - Aroma Forest\",\"isPartOf\":{\"@id\":\"https:\/\/aromaforest.fr\/en\/#website\"},\"datePublished\":\"2024-01-31T16:31:55+00:00\",\"dateModified\":\"2024-08-07T12:39:43+00:00\",\"breadcrumb\":{\"@id\":\"https:\/\/aromaforest.fr\/politique-de-confidentialite\/#breadcrumb\"},\"inLanguage\":\"en-US\",\"potentialAction\":[{\"@type\":\"ReadAction\",\"target\":[\"https:\/\/aromaforest.fr\/politique-de-confidentialite\/\"]}]},{\"@type\":\"BreadcrumbList\",\"@id\":\"https:\/\/aromaforest.fr\/politique-de-confidentialite\/#breadcrumb\",\"itemListElement\":[{\"@type\":\"ListItem\",\"position\":1,\"name\":\"Accueil\",\"item\":\"https:\/\/aromaforest.fr\/\"},{\"@type\":\"ListItem\",\"position\":2,\"name\":\"Politique de confidentialit\u00e9\"}]},{\"@type\":\"WebSite\",\"@id\":\"https:\/\/aromaforest.fr\/en\/#website\",\"url\":\"https:\/\/aromaforest.fr\/en\/\",\"name\":\"Aroma Forest\",\"description\":\"\",\"publisher\":{\"@id\":\"https:\/\/aromaforest.fr\/en\/#organization\"},\"potentialAction\":[{\"@type\":\"SearchAction\",\"target\":{\"@type\":\"EntryPoint\",\"urlTemplate\":\"https:\/\/aromaforest.fr\/en\/?s={search_term_string}\"},\"query-input\":{\"@type\":\"PropertyValueSpecification\",\"valueRequired\":true,\"valueName\":\"search_term_string\"}}],\"inLanguage\":\"en-US\"},{\"@type\":\"Organization\",\"@id\":\"https:\/\/aromaforest.fr\/en\/#organization\",\"name\":\"Aroma Forest\",\"url\":\"https:\/\/aromaforest.fr\/en\/\",\"logo\":{\"@type\":\"ImageObject\",\"inLanguage\":\"en-US\",\"@id\":\"https:\/\/aromaforest.fr\/en\/#\/schema\/logo\/image\/\",\"url\":\"https:\/\/aromaforest.fr\/wp-content\/uploads\/2024\/01\/cropped-af_logo_d2-2.webp\",\"contentUrl\":\"https:\/\/aromaforest.fr\/wp-content\/uploads\/2024\/01\/cropped-af_logo_d2-2.webp\",\"width\":1331,\"height\":515,\"caption\":\"Aroma Forest\"},\"image\":{\"@id\":\"https:\/\/aromaforest.fr\/en\/#\/schema\/logo\/image\/\"}}]}<\/script>\n<!-- \/ Yoast SEO plugin. -->","yoast_head_json":{"title":"Politique de confidentialit\u00e9 - Aroma Forest","robots":{"index":"index","follow":"follow","max-snippet":"max-snippet:-1","max-image-preview":"max-image-preview:large","max-video-preview":"max-video-preview:-1"},"canonical":"https:\/\/aromaforest.fr\/en\/politique-de-confidentialite\/","og_locale":"en_US","og_type":"article","og_title":"Politique de confidentialit\u00e9 - Aroma Forest","og_description":"INTRODUCTION Devant le d\u00e9veloppement des nouveaux outils de communication, il est n\u00e9cessaire de porter une attention particuli\u00e8re \u00e0 la protection de la vie priv\u00e9e. C\u2019est pourquoi, AROMA FOREST s\u2019engage \u00e0 respecter la confidentialit\u00e9 des renseignements personnels qui sont collect\u00e9s. \u00a0 QUI SOMMES-NOUS ? L\u2019adresse de notre site web est : https:\/\/www.aromaforest.fr Nos mentions l\u00e9gales sont [&hellip;]","og_url":"https:\/\/aromaforest.fr\/en\/politique-de-confidentialite\/","og_site_name":"Aroma Forest","article_modified_time":"2024-08-07T12:39:43+00:00","twitter_card":"summary_large_image","twitter_misc":{"Est. reading time":"7 minutes"},"schema":{"@context":"https:\/\/schema.org","@graph":[{"@type":"WebPage","@id":"https:\/\/aromaforest.fr\/politique-de-confidentialite\/","url":"https:\/\/aromaforest.fr\/politique-de-confidentialite\/","name":"Politique de confidentialit\u00e9 - Aroma Forest","isPartOf":{"@id":"https:\/\/aromaforest.fr\/en\/#website"},"datePublished":"2024-01-31T16:31:55+00:00","dateModified":"2024-08-07T12:39:43+00:00","breadcrumb":{"@id":"https:\/\/aromaforest.fr\/politique-de-confidentialite\/#breadcrumb"},"inLanguage":"en-US","potentialAction":[{"@type":"ReadAction","target":["https:\/\/aromaforest.fr\/politique-de-confidentialite\/"]}]},{"@type":"BreadcrumbList","@id":"https:\/\/aromaforest.fr\/politique-de-confidentialite\/#breadcrumb","itemListElement":[{"@type":"ListItem","position":1,"name":"Accueil","item":"https:\/\/aromaforest.fr\/"},{"@type":"ListItem","position":2,"name":"Politique de confidentialit\u00e9"}]},{"@type":"WebSite","@id":"https:\/\/aromaforest.fr\/en\/#website","url":"https:\/\/aromaforest.fr\/en\/","name":"Aroma Forest","description":"","publisher":{"@id":"https:\/\/aromaforest.fr\/en\/#organization"},"potentialAction":[{"@type":"SearchAction","target":{"@type":"EntryPoint","urlTemplate":"https:\/\/aromaforest.fr\/en\/?s={search_term_string}"},"query-input":{"@type":"PropertyValueSpecification","valueRequired":true,"valueName":"search_term_string"}}],"inLanguage":"en-US"},{"@type":"Organization","@id":"https:\/\/aromaforest.fr\/en\/#organization","name":"Aroma Forest","url":"https:\/\/aromaforest.fr\/en\/","logo":{"@type":"ImageObject","inLanguage":"en-US","@id":"https:\/\/aromaforest.fr\/en\/#\/schema\/logo\/image\/","url":"https:\/\/aromaforest.fr\/wp-content\/uploads\/2024\/01\/cropped-af_logo_d2-2.webp","contentUrl":"https:\/\/aromaforest.fr\/wp-content\/uploads\/2024\/01\/cropped-af_logo_d2-2.webp","width":1331,"height":515,"caption":"Aroma Forest"},"image":{"@id":"https:\/\/aromaforest.fr\/en\/#\/schema\/logo\/image\/"}}]}},"_links":{"self":[{"href":"https:\/\/aromaforest.fr\/en\/wp-json\/wp\/v2\/pages\/3","targetHints":{"allow":["GET"]}}],"collection":[{"href":"https:\/\/aromaforest.fr\/en\/wp-json\/wp\/v2\/pages"}],"about":[{"href":"https:\/\/aromaforest.fr\/en\/wp-json\/wp\/v2\/types\/page"}],"author":[{"embeddable":true,"href":"https:\/\/aromaforest.fr\/en\/wp-json\/wp\/v2\/users\/27"}],"replies":[{"embeddable":true,"href":"https:\/\/aromaforest.fr\/en\/wp-json\/wp\/v2\/comments?post=3"}],"version-history":[{"count":4,"href":"https:\/\/aromaforest.fr\/en\/wp-json\/wp\/v2\/pages\/3\/revisions"}],"predecessor-version":[{"id":6904,"href":"https:\/\/aromaforest.fr\/en\/wp-json\/wp\/v2\/pages\/3\/revisions\/6904"}],"wp:attachment":[{"href":"https:\/\/aromaforest.fr\/en\/wp-json\/wp\/v2\/media?parent=3"}],"curies":[{"name":"wp","href":"https:\/\/api.w.org\/{rel}","templated":true}]}}